{"id":1322,"date":"2019-12-04T09:16:18","date_gmt":"2019-12-04T08:16:18","guid":{"rendered":"http:\/\/www.rema-ev.de\/imprint\/"},"modified":"2024-07-25T09:47:27","modified_gmt":"2024-07-25T07:47:27","slug":"impressum","status":"publish","type":"page","link":"https:\/\/www.rema-ev.com\/de\/impressum\/","title":{"rendered":"Impressum"},"content":{"rendered":"\n<style type=\"text\/css\" data-created_by=\"avia_inline_auto\" id=\"style-css-av-k3iwt0bw-2e54f5c1270e0a8122651a2743f127f1\">\n.avia-section.av-k3iwt0bw-2e54f5c1270e0a8122651a2743f127f1{\nbackground-color:#444444;\nbackground-image:url(https:\/\/www.rema-ev.com\/wp-content\/uploads\/2019\/12\/REMA-EV_headerbild.jpg);\nbackground-repeat:no-repeat;\nbackground-position:50% 50%;\nbackground-attachment:scroll;\n}\n.avia-section.av-k3iwt0bw-2e54f5c1270e0a8122651a2743f127f1 .av-section-color-overlay{\nopacity:0.1;\nbackground-color:#ffffff;\n}\n<\/style>\n<div id='av_section_1'  class='avia-section av-k3iwt0bw-2e54f5c1270e0a8122651a2743f127f1 main_color avia-section-default avia-no-border-styling  avia-builder-el-0  el_before_av_section  avia-builder-el-first  avia-full-stretch avia-bg-style-scroll av-section-color-overlay-active av-minimum-height av-minimum-height-custom av-height-custom  container_wrap fullsize'  data-section-bg-repeat='stretch' data-av_minimum_height_px='200'><div class=\"av-section-color-overlay-wrap\"><div class=\"av-section-color-overlay\"><\/div><div class='container av-section-cont-open' style='height:200px'><main  role=\"main\" itemprop=\"mainContentOfPage\"  class='template-page content  av-content-full alpha units'><div class='post-entry post-entry-type-page post-entry-1322'><div class='entry-content-wrapper clearfix'>\n\n<style type=\"text\/css\" data-created_by=\"avia_inline_auto\" id=\"style-css-av-9wg7a-ef7ee45d0f40dd2f78462fde3d0ab4c7\">\n.flex_column.av-9wg7a-ef7ee45d0f40dd2f78462fde3d0ab4c7{\nborder-radius:0px 0px 0px 0px;\npadding:0px 0px 0px 0px;\n}\n<\/style>\n<div  class='flex_column av-9wg7a-ef7ee45d0f40dd2f78462fde3d0ab4c7 av_one_full  avia-builder-el-1  avia-builder-el-no-sibling  first flex_column_div av-zero-column-padding  '     ><style type=\"text\/css\" data-created_by=\"avia_inline_auto\" id=\"style-css-av-k3r25r9o-d7330f147f39024b36c84b1f83115567\">\n#top .av-special-heading.av-k3r25r9o-d7330f147f39024b36c84b1f83115567{\npadding-bottom:10px;\ncolor:#ffffff;\n}\nbody .av-special-heading.av-k3r25r9o-d7330f147f39024b36c84b1f83115567 .av-special-heading-tag .heading-char{\nfont-size:25px;\n}\n.av-special-heading.av-k3r25r9o-d7330f147f39024b36c84b1f83115567 .special-heading-inner-border{\nborder-color:#ffffff;\n}\n.av-special-heading.av-k3r25r9o-d7330f147f39024b36c84b1f83115567 .av-subheading{\nfont-size:15px;\n}\n<\/style>\n<div  class='av-special-heading av-k3r25r9o-d7330f147f39024b36c84b1f83115567 av-special-heading-h1 custom-color-heading blockquote modern-quote  avia-builder-el-2  avia-builder-el-no-sibling '><h1 class='av-special-heading-tag '  itemprop=\"headline\"  >Impressum<\/h1><div class=\"special-heading-border\"><div class=\"special-heading-inner-border\"><\/div><\/div><\/div><\/div>\n\n<\/div><\/div><\/main><!-- close content main element --><\/div><\/div><\/div>\n<style type=\"text\/css\" data-created_by=\"avia_inline_auto\" id=\"style-css-av-jyinxtc5-8888856c4e95b3eee621e9ac834cddc7\">\n.avia-section.av-jyinxtc5-8888856c4e95b3eee621e9ac834cddc7{\nbackground-color:#eaeaea;\nbackground-image:unset;\n}\n.avia-section.av-jyinxtc5-8888856c4e95b3eee621e9ac834cddc7 .av-extra-border-element .av-extra-border-inner{\nbackground-color:#f07c00;\n}\n<\/style>\n<div id='av_section_2'  class='avia-section av-jyinxtc5-8888856c4e95b3eee621e9ac834cddc7 alternate_color avia-section-small avia-shadow  avia-builder-el-3  el_after_av_section  el_before_av_section  avia-bg-style-parallax container_wrap fullsize'  ><div class='container av-section-cont-open' ><div class='template-page content  av-content-full alpha units'><div class='post-entry post-entry-type-page post-entry-1322'><div class='entry-content-wrapper clearfix'>\n\n<style type=\"text\/css\" data-created_by=\"avia_inline_auto\" id=\"style-css-av-k3iwwsqm-be1dbd04ce843558124cc12669a655a3\">\n#top .flex_column.av-k3iwwsqm-be1dbd04ce843558124cc12669a655a3{\nmargin-top:-60px;\nmargin-bottom:60px;\n}\n.flex_column.av-k3iwwsqm-be1dbd04ce843558124cc12669a655a3{\nborder-width:1px;\nborder-color:#eaeaea;\nborder-style:solid;\nborder-radius:0px 0px 0px 0px;\npadding:30px 30px 30px 30px;\nbackground-color:#ffffff;\n}\n.responsive #top #wrap_all .flex_column.av-k3iwwsqm-be1dbd04ce843558124cc12669a655a3{\nmargin-top:-60px;\nmargin-bottom:60px;\n}\n<\/style>\n<div  class='flex_column av-k3iwwsqm-be1dbd04ce843558124cc12669a655a3 av_three_fourth  avia-builder-el-4  el_before_av_hr  avia-builder-el-first  first flex_column_div  '     ><section  class='av_textblock_section av-16e1m-5981c75c625dfdb7cc33fc1ce7e7f12d '   itemscope=\"itemscope\" itemtype=\"https:\/\/schema.org\/CreativeWork\" ><div class='avia_textblock'  itemprop=\"text\" ><h3><strong>REMA EV Connections GMBH<\/strong><\/h3>\n<p>Boschstra\u00dfe 36<br \/>\n53359 Rheinbach, Deutschland<\/p>\n<p>Vertreten durch:<br \/>\nDipl. Betriebsw. Bettina Gl\u00fcck<\/p>\n<p><strong>Kontakt:<\/strong><br \/>\nTelefon: +49 (0)2226 8308-0<br \/>\nTelefax: +49 (0)2226 8308-900<br \/>\nE-Mail: info@rema-ev.com<\/p>\n<p><strong>Steuer Nr.: <\/strong><br \/>\n222\/5716\/5726<\/p>\n<p><strong>Umsatzsteuer Nr.: <\/strong><br \/>\nDE 815 818 943<\/p>\n<p><strong>Handelsgericht Bonn<\/strong><br \/>\nBonn, HRB 24426<\/p>\n<p><strong>P.H.G: <\/strong><br \/>\nREMA-Verwaltungs-GmbH,<br \/>\nHRB Bonn 4986<\/p>\n<p><strong>Gesch\u00e4ftsf\u00fchrer:<\/strong><br \/>\nDipl. Betriebsw. Bettina Gl\u00fcck, Tim Rose<\/p>\n<\/div><\/section><br \/>\n<section  class='av_textblock_section av-16e1m-6d30814d454830b3b5a9082d3c1384c0 '   itemscope=\"itemscope\" itemtype=\"https:\/\/schema.org\/CreativeWork\" ><div class='avia_textblock'  itemprop=\"text\" ><h3>HAFTUNG F\u00dcR INHALTE<\/h3>\n<p>Als Diensteanbieter sind wir gem\u00e4\u00df \u00a7 7 Abs.1 TMG f\u00fcr eigene Inhalte auf diesen Seiten nach den allgemeinen Gesetzen verantwortlich. Nach \u00a7\u00a7 8 bis 10 TMG sind wir als Diensteanbieter jedoch nicht verpflichtet, \u00fcbermittelte oder gespeicherte fremde Informationen zu \u00fcberwachen oder nach Umst\u00e4nden zu forschen, die auf eine rechtswidrige T\u00e4tigkeit hinweisen.<\/p>\n<p>Verpflichtungen zur Entfernung oder Sperrung der Nutzung von Informationen nach den allgemeinen Gesetzen bleiben hiervon unber\u00fchrt. Eine diesbez\u00fcgliche Haftung ist jedoch erst ab dem Zeitpunkt der Kenntnis einer konkreten Rechtsverletzung m\u00f6glich. Bei Bekanntwerden von entsprechenden Rechtsverletzungen werden wir diese Inhalte umgehend entfernen.<\/p>\n<h3>HAFTUNG F\u00dcR LINKS<\/h3>\n<p>Unser Angebot enth\u00e4lt Links zu externen Websites Dritter, auf deren Inhalte wir keinen Einfluss haben. Deshalb k\u00f6nnen wir f\u00fcr diese fremden Inhalte auch keine Gew\u00e4hr \u00fcbernehmen. F\u00fcr die Inhalte der verlinkten Seiten ist stets der jeweilige Anbieter oder Betreiber der Seiten verantwortlich. Die verlinkten Seiten wurden zum Zeitpunkt der Verlinkung auf m\u00f6gliche Rechtsverst\u00f6\u00dfe \u00fcberpr\u00fcft. Rechtswidrige Inhalte waren zum Zeitpunkt der Verlinkung nicht erkennbar.<\/p>\n<p>Eine permanente inhaltliche Kontrolle der verlinkten Seiten ist jedoch ohne konkrete Anhaltspunkte einer Rechtsverletzung nicht zumutbar. Bei Bekanntwerden von Rechtsverletzungen werden wir derartige Links umgehend entfernen.<\/p>\n<h3>URHEBERRECHT<\/h3>\n<p>Die durch die Seitenbetreiber erstellten Inhalte und Werke auf diesen Seiten unterliegen dem deutschen Urheberrecht. Die Vervielf\u00e4ltigung, Bearbeitung, Verbreitung und jede Art der Verwertung au\u00dferhalb der Grenzen des Urheberrechtes bed\u00fcrfen der schriftlichen Zustimmung des jeweiligen Autors bzw. Erstellers. Downloads und Kopien dieser Seite sind nur f\u00fcr den privaten, nicht kommerziellen Gebrauch gestattet.<\/p>\n<p>Soweit die Inhalte auf dieser Seite nicht vom Betreiber erstellt wurden, werden die Urheberrechte Dritter beachtet. Insbesondere werden Inhalte Dritter als solche gekennzeichnet. Sollten Sie trotzdem auf eine Urheberrechtsverletzung aufmerksam werden, bitten wir um einen entsprechenden Hinweis. Bei Bekanntwerden von Rechtsverletzungen werden wir derartige Inhalte umgehend entfernen.<\/p>\n<p>Video- und Bildernachweis:\u00a0\u00a9 Pavel Chagochkin &#8211; shutterstock.com &#8211; \u00a9\u00a0Bernd Brenk \u2013 berndbrenk.de \u00a0&#8211; \u00a0\u00a9 ladoben &#8211; adobestock.com &#8211; \u00a9 ivanzkart &#8211; adobestock.com<\/p>\n<\/div><\/section><br \/>\n\n<style type=\"text\/css\" data-created_by=\"avia_inline_auto\" id=\"style-css-av-2utdh6-5ca6c55b12de10ecc15231ecfe97a1bb\">\n#top .av-special-heading.av-2utdh6-5ca6c55b12de10ecc15231ecfe97a1bb{\npadding-bottom:10px;\n}\nbody .av-special-heading.av-2utdh6-5ca6c55b12de10ecc15231ecfe97a1bb .av-special-heading-tag .heading-char{\nfont-size:25px;\n}\n.av-special-heading.av-2utdh6-5ca6c55b12de10ecc15231ecfe97a1bb .av-subheading{\nfont-size:15px;\n}\n<\/style>\n<div  class='av-special-heading av-2utdh6-5ca6c55b12de10ecc15231ecfe97a1bb av-special-heading-h3 blockquote modern-quote  avia-builder-el-7  el_after_av_textblock  el_before_av_textblock '><h3 class='av-special-heading-tag '  itemprop=\"headline\"  >DATENSCHUTZ- UND COMPLIANCE-MANAGEMENT<\/h3><div class=\"special-heading-border\"><div class=\"special-heading-inner-border\"><\/div><\/div><\/div><br \/>\n<section  class='av_textblock_section av-16e1m-6d30814d454830b3b5a9082d3c1384c0 '   itemscope=\"itemscope\" itemtype=\"https:\/\/schema.org\/CreativeWork\" ><div class='avia_textblock'  itemprop=\"text\" ><p><strong>Beratung und Umsetzung des Compliance-Management:<br \/>\n<\/strong>Andre Grotzfeld<br \/>\nBoschstra\u00dfe 36, 53359 Rheinbach<br \/>\nTelefon: +49 2226-8308-150<br \/>\nTelefax: +49 228-926165-900<br \/>\nE-Mail: <a><span lang=\"FR\">a.grotzfeld@remagroup.com<\/span><\/a><\/p>\n<p><strong>Datenschutzbeauftragter:<br \/>\n<\/strong>2B Advice GmbH<br \/>\nDr. Laurent Dech\u00e2tre<br \/>\nJoseph-Schumpeter-Allee 25, 53227 Bonn<br \/>\nTelefon: +49 228-926165-120<br \/>\nTelefax: +49 228-926165-109<br \/>\nE-Mail: <a>remagroup@2B-advice.com<\/a><\/p>\n<\/div><\/section><\/p><\/div>\n<style type=\"text\/css\" data-created_by=\"avia_inline_auto\" id=\"style-css-av-jyiu8y9s-2c1ee2655382aaf3868b77e6ffef93fd\">\n#top .hr.hr-invisible.av-jyiu8y9s-2c1ee2655382aaf3868b77e6ffef93fd{\nheight:100px;\n}\n<\/style>\n<div  class='hr av-jyiu8y9s-2c1ee2655382aaf3868b77e6ffef93fd hr-invisible  avia-builder-el-9  el_after_av_three_fourth  avia-builder-el-last '><span class='hr-inner '><span class=\"hr-inner-style\"><\/span><\/span><\/div>\n<\/div><\/div><\/div><!-- close content main div --><\/div><div class='av-extra-border-element border-extra-diagonal border-extra-diagonal-inverse '><div class='av-extra-border-outer'><div class='av-extra-border-inner'><\/div><\/div><\/div><\/div>\n<style type=\"text\/css\" data-created_by=\"avia_inline_auto\" id=\"style-css-av-jyinxtc5-c6eb3b00443081f2410b51410d81cbd8\">\n.avia-section.av-jyinxtc5-c6eb3b00443081f2410b51410d81cbd8{\nbackground-color:#f07c00;\nbackground-image:unset;\n}\n.avia-section.av-jyinxtc5-c6eb3b00443081f2410b51410d81cbd8 .av-extra-border-element .av-extra-border-inner{\nbackground-color:#f07c00;\n}\n<\/style>\n<div id='contact'  class='avia-section av-jyinxtc5-c6eb3b00443081f2410b51410d81cbd8 alternate_color avia-section-no-padding avia-no-border-styling  avia-builder-el-10  el_after_av_section  avia-builder-el-last  avia-bg-style-scroll container_wrap fullsize'  ><div class='container av-section-cont-open' ><div class='template-page content  av-content-full alpha units'><div class='post-entry post-entry-type-page post-entry-1322'><div class='entry-content-wrapper clearfix'><\/p>\n","protected":false},"excerpt":{"rendered":"","protected":false},"author":1,"featured_media":0,"parent":0,"menu_order":0,"comment_status":"closed","ping_status":"closed","template":"","meta":{"footnotes":""},"class_list":["post-1322","page","type-page","status-publish","hentry"],"_links":{"self":[{"href":"https:\/\/www.rema-ev.com\/de\/wp-json\/wp\/v2\/pages\/1322","targetHints":{"allow":["GET"]}}],"collection":[{"href":"https:\/\/www.rema-ev.com\/de\/wp-json\/wp\/v2\/pages"}],"about":[{"href":"https:\/\/www.rema-ev.com\/de\/wp-json\/wp\/v2\/types\/page"}],"author":[{"embeddable":true,"href":"https:\/\/www.rema-ev.com\/de\/wp-json\/wp\/v2\/users\/1"}],"replies":[{"embeddable":true,"href":"https:\/\/www.rema-ev.com\/de\/wp-json\/wp\/v2\/comments?post=1322"}],"version-history":[{"count":16,"href":"https:\/\/www.rema-ev.com\/de\/wp-json\/wp\/v2\/pages\/1322\/revisions"}],"predecessor-version":[{"id":2407,"href":"https:\/\/www.rema-ev.com\/de\/wp-json\/wp\/v2\/pages\/1322\/revisions\/2407"}],"wp:attachment":[{"href":"https:\/\/www.rema-ev.com\/de\/wp-json\/wp\/v2\/media?parent=1322"}],"curies":[{"name":"wp","href":"https:\/\/api.w.org\/{rel}","templated":true}]}}