{"id":1840,"date":"2020-06-04T13:55:05","date_gmt":"2020-06-04T11:55:05","guid":{"rendered":"https:\/\/www.rema-ev.com\/?page_id=1840"},"modified":"2025-06-17T15:49:26","modified_gmt":"2025-06-17T13:49:26","slug":"ccs-300a-fahrzeugkupplung","status":"publish","type":"page","link":"https:\/\/www.rema-ev.com\/de\/ccs-300a-fahrzeugkupplung\/","title":{"rendered":"CCS 300A Fahrzeugkupplung"},"content":{"rendered":"\n<style type=\"text\/css\" data-created_by=\"avia_inline_auto\" id=\"style-css-av-jyinainb-c04269e7bf08b2c89ddb6f87ea08d200\">\n.avia-section.av-jyinainb-c04269e7bf08b2c89ddb6f87ea08d200{\nbackground-color:#d9d9d9;\nbackground-image:unset;\n}\n.avia-section.av-jyinainb-c04269e7bf08b2c89ddb6f87ea08d200 .av-extra-border-element .av-extra-border-inner{\nbackground-color:#d9d9d9;\n}\n<\/style>\n<div id='product-view'  class='avia-section av-jyinainb-c04269e7bf08b2c89ddb6f87ea08d200 main_color avia-section-no-padding avia-shadow  avia-builder-el-0  el_before_av_section  avia-builder-el-first  avia-bg-style-scroll av-arrow-down-section av-minimum-height av-minimum-height-50 av-height-50  container_wrap fullsize'   data-av_minimum_height_pc='50' data-av_min_height_opt='50'><div class='container av-section-cont-open' ><main  role=\"main\" itemprop=\"mainContentOfPage\"  class='template-page content  av-content-full alpha units'><div class='post-entry post-entry-type-page post-entry-1840'><div class='entry-content-wrapper clearfix'>\n\n<style type=\"text\/css\" data-created_by=\"avia_inline_auto\" id=\"style-css-av-jyjzco43-bdb8698b9d2bb8060d0fa07c27256b18\">\n#top .hr.hr-invisible.av-jyjzco43-bdb8698b9d2bb8060d0fa07c27256b18{\nheight:100px;\n}\n<\/style>\n<div  class='hr av-jyjzco43-bdb8698b9d2bb8060d0fa07c27256b18 hr-invisible  avia-builder-el-1  el_before_av_hr  avia-builder-el-first  av-small-hide av-mini-hide'><span class='hr-inner '><span class=\"hr-inner-style\"><\/span><\/span><\/div>\n\n<style type=\"text\/css\" data-created_by=\"avia_inline_auto\" id=\"style-css-av-jyjzco43-1fc4e7e8f7d864d5e6606c33285c808e\">\n#top .hr.hr-invisible.av-jyjzco43-1fc4e7e8f7d864d5e6606c33285c808e{\nheight:20px;\n}\n<\/style>\n<div  class='hr av-jyjzco43-1fc4e7e8f7d864d5e6606c33285c808e hr-invisible  avia-builder-el-2  el_after_av_hr  el_before_av_one_full  av-desktop-hide av-medium-hide'><span class='hr-inner '><span class=\"hr-inner-style\"><\/span><\/span><\/div>\n\n<style type=\"text\/css\" data-created_by=\"avia_inline_auto\" id=\"style-css-av-38je-a2d1cbe874b3f878a95c3564aced9b07\">\n.flex_column.av-38je-a2d1cbe874b3f878a95c3564aced9b07{\nborder-radius:0px 0px 0px 0px;\npadding:0px 0px 0px 0px;\n}\n<\/style>\n<div  class='flex_column av-38je-a2d1cbe874b3f878a95c3564aced9b07 av_one_full  avia-builder-el-3  el_after_av_hr  el_before_av_image_hotspot  avia-builder-el-last  first flex_column_div av-zero-column-padding  '     ><style type=\"text\/css\" data-created_by=\"avia_inline_auto\" id=\"style-css-av-31q0hs-3aec2b40658ef052a693df6cb4e24ef4\">\n#top .av-special-heading.av-31q0hs-3aec2b40658ef052a693df6cb4e24ef4{\nmargin:0px 0 0 0;\npadding-bottom:0;\ncolor:#444444;\nfont-size:40px;\n}\nbody .av-special-heading.av-31q0hs-3aec2b40658ef052a693df6cb4e24ef4 .av-special-heading-tag .heading-char{\nfont-size:25px;\n}\n#top #wrap_all .av-special-heading.av-31q0hs-3aec2b40658ef052a693df6cb4e24ef4 .av-special-heading-tag{\nfont-size:40px;\n}\n.av-special-heading.av-31q0hs-3aec2b40658ef052a693df6cb4e24ef4 .special-heading-inner-border{\nborder-color:#444444;\n}\n.av-special-heading.av-31q0hs-3aec2b40658ef052a693df6cb4e24ef4 .av-subheading{\nfont-size:15px;\n}\n\n@media only screen and (min-width: 480px) and (max-width: 767px){ \n#top #wrap_all .av-special-heading.av-31q0hs-3aec2b40658ef052a693df6cb4e24ef4 .av-special-heading-tag{\nfont-size:24px;\n}\n}\n\n@media only screen and (max-width: 479px){ \n#top #wrap_all .av-special-heading.av-31q0hs-3aec2b40658ef052a693df6cb4e24ef4 .av-special-heading-tag{\nfont-size:20px;\n}\n}\n<\/style>\n<div  class='av-special-heading av-31q0hs-3aec2b40658ef052a693df6cb4e24ef4 av-special-heading-h2 custom-color-heading blockquote modern-quote modern-centered  avia-builder-el-4  avia-builder-el-no-sibling  av-inherit-size av-linked-heading'><h2 class='av-special-heading-tag '  itemprop=\"headline\"  >REMA EV ENTWICKELT CCS-STECKER MIT EINER KAPAZIT\u00c4T VON 300 A OHNE FL\u00dcSSIGKEITSK\u00dcHLUNG <\/h2><div class=\"special-heading-border\"><div class=\"special-heading-inner-border\"><\/div><\/div><\/div><\/div><div  class='av-hotspot-image-container av-jyjwwajj-4054d2ee5e5ae334fcfb88d77d9aaf62  avia-builder-el-5  el_after_av_one_full  avia-builder-el-last  av-hotspot-numbered av-close-on-click-tooltip avia_animated_image avia_animate_when_almost_visible fade-in av-mobile-fallback-active  av-non-fullwidth-hotspot-image'  itemprop=\"image\" itemscope=\"itemscope\" itemtype=\"https:\/\/schema.org\/ImageObject\" ><div class='av-hotspot-container'><div class='av-hotspot-container-inner-cell'><div class='av-hotspot-container-inner-wrap'><img decoding=\"async\" fetchpriority=\"high\" class='wp-image-1925 avia-img-lazy-loading-not-1925 avia_image' src=\"https:\/\/www.rema-ev.com\/wp-content\/uploads\/2020\/06\/CCS300A-1.jpg\" alt='' title='CCS300A'  height=\"900\" width=\"1600\"  itemprop=\"thumbnailUrl\" srcset=\"https:\/\/www.rema-ev.com\/wp-content\/uploads\/2020\/06\/CCS300A-1.jpg 1600w, https:\/\/www.rema-ev.com\/wp-content\/uploads\/2020\/06\/CCS300A-1-300x169.jpg 300w, https:\/\/www.rema-ev.com\/wp-content\/uploads\/2020\/06\/CCS300A-1-1030x579.jpg 1030w, https:\/\/www.rema-ev.com\/wp-content\/uploads\/2020\/06\/CCS300A-1-768x432.jpg 768w, https:\/\/www.rema-ev.com\/wp-content\/uploads\/2020\/06\/CCS300A-1-1536x864.jpg 1536w, https:\/\/www.rema-ev.com\/wp-content\/uploads\/2020\/06\/CCS300A-1-1500x844.jpg 1500w, https:\/\/www.rema-ev.com\/wp-content\/uploads\/2020\/06\/CCS300A-1-705x397.jpg 705w, https:\/\/www.rema-ev.com\/wp-content\/uploads\/2020\/06\/CCS300A-1-450x253.jpg 450w\" sizes=\"(max-width: 1600px) 100vw, 1600px\" \/><\/div><\/div><\/div><\/div>\n<\/div><\/div><\/main><!-- close content main element --><\/div><div class='av-extra-border-element border-extra-arrow-down'><div class='av-extra-border-outer'><div class='av-extra-border-inner'><\/div><\/div><\/div><\/div>\n<style type=\"text\/css\" data-created_by=\"avia_inline_auto\" id=\"style-css-av-jyinxtc5-b2c496855e1c29b8ce0b87ed2d29d1ee\">\n.avia-section.av-jyinxtc5-b2c496855e1c29b8ce0b87ed2d29d1ee{\nbackground-color:#ffffff;\nbackground:radial-gradient( #ffffff, #d6d6d6 );\n}\n.avia-section.av-jyinxtc5-b2c496855e1c29b8ce0b87ed2d29d1ee .av-extra-border-element .av-extra-border-inner{\nbackground-color:#f07c00;\n}\n<\/style>\n<div id='download'  class='avia-section av-jyinxtc5-b2c496855e1c29b8ce0b87ed2d29d1ee alternate_color avia-section-large avia-no-border-styling  avia-builder-el-6  el_after_av_section  el_before_av_section  avia-bg-style-scroll av-minimum-height av-minimum-height-75 av-height-75  container_wrap fullsize'   data-av_minimum_height_pc='75' data-av_min_height_opt='75'><div class='container av-section-cont-open' ><div class='template-page content  av-content-full alpha units'><div class='post-entry post-entry-type-page post-entry-1840'><div class='entry-content-wrapper clearfix'>\n<div class='flex_column_table av-38je-c27cd51484ecc79339126ea5e58c1280 sc-av_one_half av-equal-height-column-flextable shadow-not-animated'>\n<style type=\"text\/css\" data-created_by=\"avia_inline_auto\" id=\"style-css-av-38je-c27cd51484ecc79339126ea5e58c1280\">\n@keyframes av_boxShadowEffect_av-38je-c27cd51484ecc79339126ea5e58c1280-row {\n0%   { box-shadow:  0 0 0 0 rgba(0,0,0,0.21); opacity: 1; }\n100% { box-shadow:  0 0 10px 0 rgba(0,0,0,0.21); opacity: 1; }\n}\n.flex_column_table.av-equal-height-column-flextable.av-38je-c27cd51484ecc79339126ea5e58c1280{\nbox-shadow: 0 0 10px 0 rgba(0,0,0,0.21);\n}\n.flex_column.av-38je-c27cd51484ecc79339126ea5e58c1280{\nborder-radius:0px 0px 0px 0px;\npadding:30px 30px 30px 30px;\nbackground-color:#ffffff;\n}\n<\/style>\n<div  class='flex_column av-38je-c27cd51484ecc79339126ea5e58c1280 av_one_half  avia-builder-el-7  el_before_av_one_fourth  avia-builder-el-first  first no_margin flex_column_table_cell av-equal-height-column av-align-top  '     ><p>\n<style type=\"text\/css\" data-created_by=\"avia_inline_auto\" id=\"style-css-av-4vmhg0-72650fb5ce429c956257999f640bc2c5\">\n#top .av-special-heading.av-4vmhg0-72650fb5ce429c956257999f640bc2c5{\nmargin:0px 0 0 0;\npadding-bottom:10px;\ncolor:#222222;\nfont-size:28px;\n}\nbody .av-special-heading.av-4vmhg0-72650fb5ce429c956257999f640bc2c5 .av-special-heading-tag .heading-char{\nfont-size:25px;\n}\n#top #wrap_all .av-special-heading.av-4vmhg0-72650fb5ce429c956257999f640bc2c5 .av-special-heading-tag{\nfont-size:28px;\n}\n.av-special-heading.av-4vmhg0-72650fb5ce429c956257999f640bc2c5 .special-heading-inner-border{\nborder-color:#222222;\n}\n.av-special-heading.av-4vmhg0-72650fb5ce429c956257999f640bc2c5 .av-subheading{\nfont-size:15px;\n}\n\n@media only screen and (min-width: 480px) and (max-width: 767px){ \n#top #wrap_all .av-special-heading.av-4vmhg0-72650fb5ce429c956257999f640bc2c5 .av-special-heading-tag{\nfont-size:24px;\n}\n}\n\n@media only screen and (max-width: 479px){ \n#top #wrap_all .av-special-heading.av-4vmhg0-72650fb5ce429c956257999f640bc2c5 .av-special-heading-tag{\nfont-size:20px;\n}\n}\n<\/style>\n<div  class='av-special-heading av-4vmhg0-72650fb5ce429c956257999f640bc2c5 av-special-heading-h2 custom-color-heading blockquote modern-quote  avia-builder-el-8  el_before_av_textblock  avia-builder-el-first  av-inherit-size av-linked-heading'><h2 class='av-special-heading-tag '  itemprop=\"headline\"  >REMA EV ENTWICKELT CCS-STECKER MIT EINER KAPAZIT\u00c4T VON 300 A OHNE FL\u00dcSSIGKEITSK\u00dcHLUNG <\/h2><div class=\"special-heading-border\"><div class=\"special-heading-inner-border\"><\/div><\/div><\/div><br \/>\n\n<style type=\"text\/css\" data-created_by=\"avia_inline_auto\" id=\"style-css-av-jyiqyme4-b45382794d0914c11a55dde6ee85a9e2\">\n#top .av_textblock_section.av-jyiqyme4-b45382794d0914c11a55dde6ee85a9e2 .avia_textblock{\nfont-size:15px;\ncolor:#222222;\n}\n<\/style>\n<section  class='av_textblock_section av-jyiqyme4-b45382794d0914c11a55dde6ee85a9e2 '   itemscope=\"itemscope\" itemtype=\"https:\/\/schema.org\/CreativeWork\" ><div class='avia_textblock av_inherit_color'  itemprop=\"text\" ><p>REMA EV Connections maximiert die M\u00f6glichkeiten der traditionellen nicht fl\u00fcssigkeitsgek\u00fchlten Ladetechnologie und bietet zuk\u00fcnftig Ladesteckverbinder an, die sowohl in CCS-1- als auch in CCS-2-Konfigurationen mit 300A geladen werden k\u00f6nnen.<\/p>\n<p><em>&#8222;W\u00e4hrend die Zukunft der EV-Schnellladung eine gr\u00f6\u00dfere Kapazit\u00e4t erfordert, bietet diese Entwicklung unseren Kunden eine Zwischenl\u00f6sung ohne die Komplexit\u00e4t eines fl\u00fcssigkeitsgek\u00fchlten Systems&#8220;<\/em>, sagt Tim Rose, General Manager.<\/p>\n<\/div><\/section><br \/>\n\n<style type=\"text\/css\" data-created_by=\"avia_inline_auto\" id=\"style-css-av-jyiqyme4-95d59fae3a0c7489aaaa008bf5e43696\">\n#top .av_textblock_section.av-jyiqyme4-95d59fae3a0c7489aaaa008bf5e43696 .avia_textblock{\nfont-size:17px;\ncolor:#f07c00;\n}\n<\/style>\n<section  class='av_textblock_section av-jyiqyme4-95d59fae3a0c7489aaaa008bf5e43696 '   itemscope=\"itemscope\" itemtype=\"https:\/\/schema.org\/CreativeWork\" ><div class='avia_textblock av_inherit_color'  itemprop=\"text\" ><a  href =\"https:\/\/www.rema-ev.com\/get-access\"  ><b>Please register or login for download!<\/b><\/a>\n<\/div><\/section><\/p><\/div>\n<style type=\"text\/css\" data-created_by=\"avia_inline_auto\" id=\"style-css-av-ezhfn-ae7b8ea6b65e75f485ef8b7ea8421696\">\n@keyframes av_boxShadowEffect_av-ezhfn-ae7b8ea6b65e75f485ef8b7ea8421696-row {\n0%   { box-shadow:  0 0 0 0 #e0e0e0; opacity: 1; }\n100% { box-shadow:  0 0 10px 0 #e0e0e0; opacity: 1; }\n}\n.flex_column_table.av-equal-height-column-flextable.av-ezhfn-ae7b8ea6b65e75f485ef8b7ea8421696{\nbox-shadow: 0 0 10px 0 #e0e0e0;\n}\n.flex_column.av-ezhfn-ae7b8ea6b65e75f485ef8b7ea8421696{\nborder-radius:0px 0px 0px 0px;\npadding:30px 30px 30px 30px;\nbackground-color:#ffffff;\n}\n<\/style>\n<div  class='flex_column av-ezhfn-ae7b8ea6b65e75f485ef8b7ea8421696 av_one_fourth  avia-builder-el-12  el_after_av_one_half  el_before_av_one_fourth  no_margin flex_column_table_cell av-equal-height-column av-align-top  '     ><style type=\"text\/css\" data-created_by=\"avia_inline_auto\" id=\"style-css-av-jyo61en3-95f856344f4f8f5a46423f6095dd08d7\">\n.avia-image-container.av-jyo61en3-95f856344f4f8f5a46423f6095dd08d7 img.avia_image{\nbox-shadow:none;\n}\n.avia-image-container.av-jyo61en3-95f856344f4f8f5a46423f6095dd08d7 .av-image-caption-overlay-center{\ncolor:#ffffff;\n}\n<\/style>\n<div  class='avia-image-container av-jyo61en3-95f856344f4f8f5a46423f6095dd08d7 av-styling-no-styling avia-align-left  avia-builder-el-13  avia-builder-el-no-sibling '   itemprop=\"image\" itemscope=\"itemscope\" itemtype=\"https:\/\/schema.org\/ImageObject\" ><div class=\"avia-image-container-inner\"><div class=\"avia-image-overlay-wrap\"><img decoding=\"async\" fetchpriority=\"high\" class='wp-image-1917 avia-img-lazy-loading-not-1917 avia_image ' src=\"https:\/\/www.rema-ev.com\/wp-content\/uploads\/2020\/06\/REMA_CCS300A-Connector_FB_preview-1-212x300.jpg\" alt='' title='REMA_CCS300A-Connector_FB_preview'  height=\"300\" width=\"212\"  itemprop=\"thumbnailUrl\" srcset=\"https:\/\/www.rema-ev.com\/wp-content\/uploads\/2020\/06\/REMA_CCS300A-Connector_FB_preview-1-212x300.jpg 212w, https:\/\/www.rema-ev.com\/wp-content\/uploads\/2020\/06\/REMA_CCS300A-Connector_FB_preview-1-498x705.jpg 498w, https:\/\/www.rema-ev.com\/wp-content\/uploads\/2020\/06\/REMA_CCS300A-Connector_FB_preview-1-450x637.jpg 450w, https:\/\/www.rema-ev.com\/wp-content\/uploads\/2020\/06\/REMA_CCS300A-Connector_FB_preview-1.jpg 600w\" sizes=\"(max-width: 212px) 100vw, 212px\" \/><\/div><\/div><\/div><\/div>\n<style type=\"text\/css\" data-created_by=\"avia_inline_auto\" id=\"style-css-av-k3ogh3c0-2c3e2409f21dd0267703b8d8992a30a5\">\n.flex_column.av-k3ogh3c0-2c3e2409f21dd0267703b8d8992a30a5{\nborder-radius:0px 0px 0px 0px;\npadding:30px 30px 30px 30px;\nbackground-color:#ffffff;\n}\n<\/style>\n<div  class='flex_column av-k3ogh3c0-2c3e2409f21dd0267703b8d8992a30a5 av_one_fourth  avia-builder-el-14  el_after_av_one_fourth  el_before_av_hr  no_margin flex_column_table_cell av-equal-height-column av-align-top av-animated-generic left-to-right  '     ><p>\n<style type=\"text\/css\" data-created_by=\"avia_inline_auto\" id=\"style-css-av-34mlxc-9cb336d04bb91ad41bf9410e3d31e12a\">\n#top .av-special-heading.av-34mlxc-9cb336d04bb91ad41bf9410e3d31e12a{\nmargin:0px 0 0 0;\npadding-bottom:10px;\ncolor:#444444;\nfont-size:30px;\n}\nbody .av-special-heading.av-34mlxc-9cb336d04bb91ad41bf9410e3d31e12a .av-special-heading-tag .heading-char{\nfont-size:25px;\n}\n#top #wrap_all .av-special-heading.av-34mlxc-9cb336d04bb91ad41bf9410e3d31e12a .av-special-heading-tag{\nfont-size:30px;\n}\n.av-special-heading.av-34mlxc-9cb336d04bb91ad41bf9410e3d31e12a .special-heading-inner-border{\nborder-color:#444444;\n}\n.av-special-heading.av-34mlxc-9cb336d04bb91ad41bf9410e3d31e12a .av-subheading{\nfont-size:15px;\n}\n\n@media only screen and (min-width: 768px) and (max-width: 989px){ \n#top #wrap_all .av-special-heading.av-34mlxc-9cb336d04bb91ad41bf9410e3d31e12a .av-special-heading-tag{\nfont-size:24px;\n}\n}\n\n@media only screen and (min-width: 480px) and (max-width: 767px){ \n#top #wrap_all .av-special-heading.av-34mlxc-9cb336d04bb91ad41bf9410e3d31e12a .av-special-heading-tag{\nfont-size:24px;\n}\n}\n\n@media only screen and (max-width: 479px){ \n#top #wrap_all .av-special-heading.av-34mlxc-9cb336d04bb91ad41bf9410e3d31e12a .av-special-heading-tag{\nfont-size:20px;\n}\n}\n<\/style>\n<div  class='av-special-heading av-34mlxc-9cb336d04bb91ad41bf9410e3d31e12a av-special-heading-h3 custom-color-heading blockquote modern-quote  avia-builder-el-15  el_before_av_textblock  avia-builder-el-first  av-inherit-size'><h3 class='av-special-heading-tag '  itemprop=\"headline\"  >Login<\/h3><div class=\"special-heading-border\"><div class=\"special-heading-inner-border\"><\/div><\/div><\/div><br \/>\n\n<style type=\"text\/css\" data-created_by=\"avia_inline_auto\" id=\"style-css-av-jyiqyme4-7ce140a61920058448d64f1cf20b254d\">\n#top .av_textblock_section.av-jyiqyme4-7ce140a61920058448d64f1cf20b254d .avia_textblock{\nfont-size:15px;\n}\n<\/style>\n<section  class='av_textblock_section av-jyiqyme4-7ce140a61920058448d64f1cf20b254d '   itemscope=\"itemscope\" itemtype=\"https:\/\/schema.org\/CreativeWork\" ><div class='avia_textblock'  itemprop=\"text\" >    <form action=\"\" method=\"post\" class=\"loginForm wp_emember_loginForm\" name=\"wp_emember_loginForm\" id=\"wp_emember_loginForm\" >\n        <input type=\"hidden\" id=\"_wpnonce\" name=\"_wpnonce\" value=\"2a0182dbf8\" \/><input type=\"hidden\" name=\"_wp_http_referer\" value=\"\/de\/wp-json\/wp\/v2\/pages\/1840\" \/>        <table width=\"95%\" border=\"0\" cellpadding=\"3\" cellspacing=\"5\" class=\"forms\">\n            <tr>\n                <td colspan=\"2\"><label for=\"login_user_name\" class=\"eMember_label\">Username<\/label><\/td>\n            <\/tr>\n            <tr>\n                <td colspan=\"2\"><input class=\"eMember_text_input\" type=\"text\" id=\"login_user_name\" name=\"login_user_name\" size=\"15\" value=\"\" \/><\/td>\n            <\/tr>\n            <tr>\n                <td colspan=\"2\"><label for=\"login_pwd\" class=\"eMember_label\">Password<\/label><\/td>\n            <\/tr>\n            <tr>\n                <td colspan=\"2\"><input class=\"eMember_text_input\" type=\"password\" id=\"login_pwd\" name=\"login_pwd\" size=\"15\" value=\"\" \/><\/td>\n            <\/tr>\n            <tr>\n                <td colspan=\"2\">\n                                    <\/td>\n            <\/tr>\n                            <tr>\n                    <td colspan=\"2\">\n                        <div class=\"eMember_remember_me\"><label><input type=\"checkbox\" tabindex=\"90\" value=\"forever\" id=\"rememberme\" name=\"rememberme\" \/><span class=\"eMember_remember_me_label\"> Remember me<\/span><\/label><\/div>\n                    <\/td>\n                <\/tr>\n                        <tr>\n                <td colspan=\"2\">\n                    <input type=\"hidden\" value=\"1\" name=\"testcookie\" \/>\n                    <input name=\"doLogin\" type=\"submit\" id=\"doLogin\" class=\"eMember_button emember_login_submit\" value=\"Login\" \/>\n                <\/td>\n            <\/tr>\n            <tr>\n                <td colspan=\"2\">\n                                            <a id=\"forgot_pass\" href=\"https:\/\/www.rema-ev.com\/get-access\/password-reset\">Forgot Password?<\/a>\n                                    <\/td>\n            <\/tr>\n            <tr>\n                <td colspan=\"2\"><a id=\"register\" class=\"register_link\" href=\"https:\/\/www.rema-ev.com\/get-access\">Registration<\/a><\/td>\n            <\/tr>\n            <tr>\n                <td colspan=\"2\"><span class=\"emember_error\">  <\/span><\/td>\n            <\/tr>\n        <\/table>\n    <\/form>\n    \n<\/div><\/section><\/p><\/div><\/div><!--close column table wrapper. Autoclose: 1 -->\n<style type=\"text\/css\" data-created_by=\"avia_inline_auto\" id=\"style-css-av-jyiu8y9s-2c1ee2655382aaf3868b77e6ffef93fd\">\n#top .hr.hr-invisible.av-jyiu8y9s-2c1ee2655382aaf3868b77e6ffef93fd{\nheight:100px;\n}\n<\/style>\n<div  class='hr av-jyiu8y9s-2c1ee2655382aaf3868b77e6ffef93fd hr-invisible  avia-builder-el-17  el_after_av_one_fourth  avia-builder-el-last '><span class='hr-inner '><span class=\"hr-inner-style\"><\/span><\/span><\/div>\n<\/div><\/div><\/div><!-- close content main div --><\/div><div class='av-extra-border-element border-extra-diagonal border-extra-diagonal-inverse '><div class='av-extra-border-outer'><div class='av-extra-border-inner'><\/div><\/div><\/div><\/div>\n<style type=\"text\/css\" data-created_by=\"avia_inline_auto\" id=\"style-css-av-jyinxtc5-c6eb3b00443081f2410b51410d81cbd8\">\n.avia-section.av-jyinxtc5-c6eb3b00443081f2410b51410d81cbd8{\nbackground-color:#f07c00;\nbackground-image:unset;\n}\n.avia-section.av-jyinxtc5-c6eb3b00443081f2410b51410d81cbd8 .av-extra-border-element .av-extra-border-inner{\nbackground-color:#f07c00;\n}\n<\/style>\n<div id='contact'  class='avia-section av-jyinxtc5-c6eb3b00443081f2410b51410d81cbd8 alternate_color avia-section-no-padding avia-no-border-styling  avia-builder-el-18  el_after_av_section  avia-builder-el-last  avia-bg-style-scroll container_wrap fullsize'  ><div class='container av-section-cont-open' ><div class='template-page content  av-content-full alpha units'><div class='post-entry post-entry-type-page post-entry-1840'><div class='entry-content-wrapper clearfix'><\/p>\n","protected":false},"excerpt":{"rendered":"","protected":false},"author":1,"featured_media":0,"parent":0,"menu_order":0,"comment_status":"closed","ping_status":"closed","template":"","meta":{"footnotes":""},"class_list":["post-1840","page","type-page","status-publish","hentry"],"_links":{"self":[{"href":"https:\/\/www.rema-ev.com\/de\/wp-json\/wp\/v2\/pages\/1840","targetHints":{"allow":["GET"]}}],"collection":[{"href":"https:\/\/www.rema-ev.com\/de\/wp-json\/wp\/v2\/pages"}],"about":[{"href":"https:\/\/www.rema-ev.com\/de\/wp-json\/wp\/v2\/types\/page"}],"author":[{"embeddable":true,"href":"https:\/\/www.rema-ev.com\/de\/wp-json\/wp\/v2\/users\/1"}],"replies":[{"embeddable":true,"href":"https:\/\/www.rema-ev.com\/de\/wp-json\/wp\/v2\/comments?post=1840"}],"version-history":[{"count":15,"href":"https:\/\/www.rema-ev.com\/de\/wp-json\/wp\/v2\/pages\/1840\/revisions"}],"predecessor-version":[{"id":2868,"href":"https:\/\/www.rema-ev.com\/de\/wp-json\/wp\/v2\/pages\/1840\/revisions\/2868"}],"wp:attachment":[{"href":"https:\/\/www.rema-ev.com\/de\/wp-json\/wp\/v2\/media?parent=1840"}],"curies":[{"name":"wp","href":"https:\/\/api.w.org\/{rel}","templated":true}]}}